{"id":224,"date":"2023-12-04T11:44:58","date_gmt":"2023-12-04T10:44:58","guid":{"rendered":"https:\/\/www.klenke-raumgestaltung.de\/?page_id=224"},"modified":"2024-01-10T11:05:31","modified_gmt":"2024-01-10T10:05:31","slug":"impressum","status":"publish","type":"page","link":"https:\/\/www.klenke-raumgestaltung.de\/index.php\/impressum\/","title":{"rendered":"Impressum"},"content":{"rendered":"\n<p>Klenke Raumgestaltung<br>Christopher Klenke<br>Kaiserstrasse 23<br>37620 Halle<br>Telefon: 05533\/ 3367<br>E-Mail: mail(at)klenke-raumgestaltung.de<br>Umsatzsteuer-Identifikationsnummer: DE 286443485<br><br>Die Bereitstellung von Inhalten der Website www.klenke-raumgestaltung.de auf anderen Websites ist nur mit ausdr\u00fccklicher Genehmigung der Gesch\u00e4ftsf\u00fchrung gestattet.<br>\u00a9 2024 www.klenke-raumgestaltung.de<br><br><br><strong>Haftungsausschluss<\/strong><br>Haftungsbeschr\u00e4nkung<br>Die Inhalte dieser Website werden mit gr\u00f6\u00dftm\u00f6glicher Sorgfalt erstellt. Der Anbieter \u00fcbernimmt jedoch keine Gew\u00e4hr f\u00fcr die Richtigkeit, Vollst\u00e4ndigkeit und Aktualit\u00e4t der bereitgestellten Inhalte. Die Nutzung der Inhalte der Website erfolgt auf eigene Gefahr des Nutzers. Namentlich gekennzeichnete Beitr\u00e4ge geben die Meinung des jeweiligen Autors und nicht immer die Meinung des Anbieters wieder. Mit der reinen Nutzung der Website des Impressum &#8211; Klenke Raumgestaltung &#8211; Ihr Raumausstatter im Anbieters kommt keinerlei Vertragsverh\u00e4ltnis zwischen dem Nutzer und dem Anbieter zustande.<br><\/p>\n\n\n\n<ol class=\"wp-block-list\">\n<li>Externe Links<br>Diese Website enth\u00e4lt Verkn\u00fcpfungen zu Websites Dritter (&#8222;externe Links&#8220;). Diese Websites unterliegen der Haftung der jeweiligen Betreiber. Der Anbieter hat bei der erstmaligen Verkn\u00fcpfung der externen Links die fremden Inhalte daraufhin \u00fcberpr\u00fcft, ob etwaige Rechtsverst\u00f6\u00dfe bestehen. Zu dem Zeitpunkt waren keine Rechtsverst\u00f6\u00dfe ersichtlich. Der Anbieter hat keinerlei Einfluss auf die aktuelle und zuk\u00fcnftige Gestaltung und auf die Inhalte der verkn\u00fcpften Seiten. Das Setzen von externen Links bedeutet nicht, dass sich der Anbieter die hinter dem Verweis oder Link liegenden Inhalte zu Eigen macht. Eine st\u00e4ndige Kontrolle der externen Links ist f\u00fcr den Anbieter ohne konkrete Hinweise auf Rechtsverst\u00f6\u00dfe nicht zumutbar. Bei Kenntnis von Rechtsverst\u00f6\u00dfen werden jedoch derartige externe Links unverz\u00fcglich gel\u00f6scht.<br><\/li>\n\n\n\n<li>Urheber- und Leistungsschutzrechte<br>Die auf dieser Website ver\u00f6ffentlichten Inhalte unterliegen dem deutschen Urheber- und Leistungsschutzrecht. Jede vom deutschen Urheber- und Leistungsschutzrecht nicht<br>zugelassene Verwertung bedarf der vorherigen schriftlichen Zustimmung des Anbieters oder jeweiligen Rechteinhabers. Dies gilt insbesondere f\u00fcr Vervielf\u00e4ltigung, Bearbeitung, \u00dcbersetzung, Einspeicherung, Verarbeitung bzw. Wiedergabe von Inhalten in Datenbanken oder anderen elektronischen Medien und Systemen. Inhalte und Rechte Dritter sind dabei als solche gekennzeichnet. Die unerlaubte Vervielf\u00e4ltigung oder Weitergabe einzelner Inhalte oder kompletter Seiten ist nicht gestattet und strafbar.<br>Die Darstellung dieser Website in fremden Frames ist nur<br>mit schriftlicher Erlaubnis zul\u00e4ssig.<\/li>\n<\/ol>\n","protected":false},"excerpt":{"rendered":"<p>Klenke RaumgestaltungChristopher KlenkeKaiserstrasse 2337620 HalleTelefon: 05533\/ 3367E-Mail: mail(at)klenke-raumgestaltung.deUmsatzsteuer-Identifikationsnummer: DE 286443485 Die Bereitstellung von Inhalten der Website www.klenke-raumgestaltung.de auf anderen Websites ist nur mit ausdr\u00fccklicher Genehmigung der Gesch\u00e4ftsf\u00fchrung gestattet.\u00a9 2024 www.klenke-raumgestaltung.de HaftungsausschlussHaftungsbeschr\u00e4nkungDie Inhalte dieser Website werden mit gr\u00f6\u00dftm\u00f6glicher Sorgfalt erstellt. Der Anbieter \u00fcbernimmt jedoch keine Gew\u00e4hr f\u00fcr die Richtigkeit, Vollst\u00e4ndigkeit und Aktualit\u00e4t der bereitgestellten Inhalte. Die Nutzung der Inhalte der Website [&hellip;]<\/p>\n","protected":false},"author":3,"featured_media":0,"parent":0,"menu_order":0,"comment_status":"closed","ping_status":"closed","template":"","meta":{"footnotes":""},"class_list":["post-224","page","type-page","status-publish","hentry"],"_links":{"self":[{"href":"https:\/\/www.klenke-raumgestaltung.de\/index.php\/wp-json\/wp\/v2\/pages\/224","targetHints":{"allow":["GET"]}}],"collection":[{"href":"https:\/\/www.klenke-raumgestaltung.de\/index.php\/wp-json\/wp\/v2\/pages"}],"about":[{"href":"https:\/\/www.klenke-raumgestaltung.de\/index.php\/wp-json\/wp\/v2\/types\/page"}],"author":[{"embeddable":true,"href":"https:\/\/www.klenke-raumgestaltung.de\/index.php\/wp-json\/wp\/v2\/users\/3"}],"replies":[{"embeddable":true,"href":"https:\/\/www.klenke-raumgestaltung.de\/index.php\/wp-json\/wp\/v2\/comments?post=224"}],"version-history":[{"count":2,"href":"https:\/\/www.klenke-raumgestaltung.de\/index.php\/wp-json\/wp\/v2\/pages\/224\/revisions"}],"predecessor-version":[{"id":744,"href":"https:\/\/www.klenke-raumgestaltung.de\/index.php\/wp-json\/wp\/v2\/pages\/224\/revisions\/744"}],"wp:attachment":[{"href":"https:\/\/www.klenke-raumgestaltung.de\/index.php\/wp-json\/wp\/v2\/media?parent=224"}],"curies":[{"name":"wp","href":"https:\/\/api.w.org\/{rel}","templated":true}]}}